{"id":364,"date":"2024-03-11T19:29:14","date_gmt":"2024-03-11T19:29:14","guid":{"rendered":"https:\/\/frcnreach.com\/refund-policy\/"},"modified":"2024-04-01T14:59:38","modified_gmt":"2024-04-01T13:59:38","slug":"refund-policy","status":"publish","type":"page","link":"https:\/\/frcnreach.com\/it\/refund-policy\/","title":{"rendered":"Politica di rimborso"},"content":{"rendered":"\n<p>Ti ringraziamo per aver visitato il sito <a href=\"https:\/\/frcnreach.com\">https:\/\/frcnreach.com<\/a>, gestito da FRCN Reach. Ti ricordiamo che non offriamo rimborsi per i servizi o i prodotti acquistati tramite il nostro sito web. Tutte le transazioni sono considerate definitive al momento del completamento.<\/p>\n\n\n\n<h3 class=\"wp-block-heading\">Responsabilit\u00e0 del cliente<\/h3>\n\n\n\n<p>I clienti sono responsabili delle decisioni di acquisto che prendono sulla nostra piattaforma. Prima di completare qualsiasi acquisto, invitiamo i clienti a esaminare attentamente tutte le informazioni e le specifiche dei servizi o dei prodotti che desiderano acquistare.<\/p>\n\n\n\n<h3 class=\"wp-block-heading\">Considerazione delle richieste di rimborso<\/h3>\n\n\n\n<p>In alcune circostanze eccezionali, possiamo prendere in considerazione le richieste di rimborso. Tali circostanze possono includere:<\/p>\n\n\n\n<ul class=\"wp-block-list\">\n<li><strong>Pagamenti errati:<\/strong> Pagamenti accidentali o duplicati effettuati per errore.<\/li>\n\n\n\n<li><strong>Importo di pagamento errato:<\/strong> Addebiti inesatti dovuti a errori tecnici o materiali da parte nostra.<\/li>\n\n\n\n<li><strong>Pagamento con dati errati:<\/strong> Prova di un pagamento effettuato utilizzando informazioni di pagamento errate, con conseguente transazione non andata a buon fine.<\/li>\n\n\n\n<li><strong>Mancata consegna del servizio o del prodotto:<\/strong> I servizi o i prodotti acquistati non vengono consegnati come descritto per motivi che rientrano nel nostro controllo.<\/li>\n<\/ul>\n\n\n\n<h3 class=\"wp-block-heading\">Presentazione di una richiesta di rimborso<\/h3>\n\n\n\n<p>Se la tua situazione rientra in una delle circostanze eccezionali di cui sopra, puoi inoltrare una richiesta di rimborso al nostro team di assistenza clienti all&#8217;indirizzo <a href=\"mailto:frcnreachltd@outlook.com\">frcnreachltd@outlook.com<\/a>. La richiesta di rimborso deve contenere le seguenti informazioni:<\/p>\n\n\n\n<ul class=\"wp-block-list\">\n<li>Nome e cognome<\/li>\n\n\n\n<li>Indirizzo e-mail utilizzato per l&#8217;acquisto<\/li>\n\n\n\n<li>Data della transazione<\/li>\n\n\n\n<li>ID della transazione o ricevuta<\/li>\n\n\n\n<li>Spiegazione dettagliata del problema<\/li>\n<\/ul>\n\n\n\n<h3 class=\"wp-block-heading\">Esame e decisione<\/h3>\n\n\n\n<p>Una volta ricevuta la tua richiesta di rimborso, il nostro team esaminer\u00e0 attentamente le informazioni fornite. Ci impegniamo a rispondere a tutte le richieste di rimborso entro 7 giorni lavorativi. La nostra decisione in merito alla richiesta di rimborso si baser\u00e0 sulla validit\u00e0 delle circostanze presentate e sulle nostre politiche.<\/p>\n\n\n\n<h3 class=\"wp-block-heading\">Informazioni di contatto<\/h3>\n\n\n\n<p>Per qualsiasi domanda o ulteriore chiarimento in merito alla nostra Politica di rimborso, non esitare a contattare il nostro team di assistenza clienti all&#8217;indirizzo <a href=\"mailto:frcnreachltd@outlook.com\">frcnreachltd@outlook.com<\/a>.<\/p>\n\n\n\n<p>Si prega di notare che la presente Politica di Rimborso \u00e8 soggetta a modifiche senza preavviso. \u00c8 tua responsabilit\u00e0 rivedere periodicamente questa politica per verificare eventuali aggiornamenti. Grazie per aver scelto FRCN Reach!<\/p>\n","protected":false},"excerpt":{"rendered":"<p>Ti ringraziamo per aver visitato il sito https:\/\/frcnreach.com, gestito da FRCN Reach. Ti ricordiamo che non offriamo rimborsi per i servizi o i prodotti acquistati tramite il nostro sito web. Tutte le transazioni sono considerate definitive al momento del completamento. Responsabilit\u00e0 del cliente I clienti sono responsabili delle decisioni di acquisto che prendono sulla nostra [&hellip;]<\/p>\n","protected":false},"author":1,"featured_media":0,"parent":0,"menu_order":0,"comment_status":"closed","ping_status":"closed","template":"templates-pages\/policy.php","meta":{"footnotes":""},"class_list":["post-364","page","type-page","status-publish","hentry"],"yoast_head":"<!-- This site is optimized with the Yoast SEO plugin v23.3 - https:\/\/yoast.com\/wordpress\/plugins\/seo\/ -->\n<title>Politica di rimborso - frcnreach.com<\/title>\n<meta name=\"robots\" content=\"index, follow, max-snippet:-1, max-image-preview:large, max-video-preview:-1\" \/>\n<link rel=\"canonical\" href=\"https:\/\/frcnreach.com\/it\/refund-policy\/\" \/>\n<meta property=\"og:locale\" content=\"it_IT\" \/>\n<meta property=\"og:type\" content=\"article\" \/>\n<meta property=\"og:title\" content=\"Politica di rimborso - frcnreach.com\" \/>\n<meta property=\"og:description\" content=\"Ti ringraziamo per aver visitato il sito https:\/\/frcnreach.com, gestito da FRCN Reach. Ti ricordiamo che non offriamo rimborsi per i servizi o i prodotti acquistati tramite il nostro sito web. Tutte le transazioni sono considerate definitive al momento del completamento. Responsabilit\u00e0 del cliente I clienti sono responsabili delle decisioni di acquisto che prendono sulla nostra [&hellip;]\" \/>\n<meta property=\"og:url\" content=\"https:\/\/frcnreach.com\/it\/refund-policy\/\" \/>\n<meta property=\"og:site_name\" content=\"frcnreach.com\" \/>\n<meta property=\"article:modified_time\" content=\"2024-04-01T13:59:38+00:00\" \/>\n<meta name=\"twitter:card\" content=\"summary_large_image\" \/>\n<meta name=\"twitter:label1\" content=\"Tempo di lettura stimato\" \/>\n\t<meta name=\"twitter:data1\" content=\"2 minuti\" \/>\n<script type=\"application\/ld+json\" class=\"yoast-schema-graph\">{\"@context\":\"https:\/\/schema.org\",\"@graph\":[{\"@type\":\"WebPage\",\"@id\":\"https:\/\/frcnreach.com\/it\/refund-policy\/\",\"url\":\"https:\/\/frcnreach.com\/it\/refund-policy\/\",\"name\":\"Politica di rimborso - frcnreach.com\",\"isPartOf\":{\"@id\":\"https:\/\/frcnreach.com\/it\/#website\"},\"datePublished\":\"2024-03-11T19:29:14+00:00\",\"dateModified\":\"2024-04-01T13:59:38+00:00\",\"breadcrumb\":{\"@id\":\"https:\/\/frcnreach.com\/it\/refund-policy\/#breadcrumb\"},\"inLanguage\":\"it-IT\",\"potentialAction\":[{\"@type\":\"ReadAction\",\"target\":[\"https:\/\/frcnreach.com\/it\/refund-policy\/\"]}]},{\"@type\":\"BreadcrumbList\",\"@id\":\"https:\/\/frcnreach.com\/it\/refund-policy\/#breadcrumb\",\"itemListElement\":[{\"@type\":\"ListItem\",\"position\":1,\"name\":\"Home\",\"item\":\"https:\/\/frcnreach.com\/it\/home\/\"},{\"@type\":\"ListItem\",\"position\":2,\"name\":\"Politica di rimborso\"}]},{\"@type\":\"WebSite\",\"@id\":\"https:\/\/frcnreach.com\/it\/#website\",\"url\":\"https:\/\/frcnreach.com\/it\/\",\"name\":\"frcnreach.com\",\"description\":\"\",\"publisher\":{\"@id\":\"https:\/\/frcnreach.com\/it\/#organization\"},\"potentialAction\":[{\"@type\":\"SearchAction\",\"target\":{\"@type\":\"EntryPoint\",\"urlTemplate\":\"https:\/\/frcnreach.com\/it\/?s={search_term_string}\"},\"query-input\":\"required name=search_term_string\"}],\"inLanguage\":\"it-IT\"},{\"@type\":\"Organization\",\"@id\":\"https:\/\/frcnreach.com\/it\/#organization\",\"name\":\"frcnreach.com\",\"url\":\"https:\/\/frcnreach.com\/it\/\",\"logo\":{\"@type\":\"ImageObject\",\"inLanguage\":\"it-IT\",\"@id\":\"https:\/\/frcnreach.com\/it\/#\/schema\/logo\/image\/\",\"url\":\"https:\/\/frcnreach.com\/wp-content\/uploads\/2024\/03\/logo-frcn-reach.svg\",\"contentUrl\":\"https:\/\/frcnreach.com\/wp-content\/uploads\/2024\/03\/logo-frcn-reach.svg\",\"width\":484,\"height\":69,\"caption\":\"frcnreach.com\"},\"image\":{\"@id\":\"https:\/\/frcnreach.com\/it\/#\/schema\/logo\/image\/\"}}]}<\/script>\n<!-- \/ Yoast SEO plugin. -->","yoast_head_json":{"title":"Politica di rimborso - frcnreach.com","robots":{"index":"index","follow":"follow","max-snippet":"max-snippet:-1","max-image-preview":"max-image-preview:large","max-video-preview":"max-video-preview:-1"},"canonical":"https:\/\/frcnreach.com\/it\/refund-policy\/","og_locale":"it_IT","og_type":"article","og_title":"Politica di rimborso - frcnreach.com","og_description":"Ti ringraziamo per aver visitato il sito https:\/\/frcnreach.com, gestito da FRCN Reach. Ti ricordiamo che non offriamo rimborsi per i servizi o i prodotti acquistati tramite il nostro sito web. Tutte le transazioni sono considerate definitive al momento del completamento. Responsabilit\u00e0 del cliente I clienti sono responsabili delle decisioni di acquisto che prendono sulla nostra [&hellip;]","og_url":"https:\/\/frcnreach.com\/it\/refund-policy\/","og_site_name":"frcnreach.com","article_modified_time":"2024-04-01T13:59:38+00:00","twitter_card":"summary_large_image","twitter_misc":{"Tempo di lettura stimato":"2 minuti"},"schema":{"@context":"https:\/\/schema.org","@graph":[{"@type":"WebPage","@id":"https:\/\/frcnreach.com\/it\/refund-policy\/","url":"https:\/\/frcnreach.com\/it\/refund-policy\/","name":"Politica di rimborso - frcnreach.com","isPartOf":{"@id":"https:\/\/frcnreach.com\/it\/#website"},"datePublished":"2024-03-11T19:29:14+00:00","dateModified":"2024-04-01T13:59:38+00:00","breadcrumb":{"@id":"https:\/\/frcnreach.com\/it\/refund-policy\/#breadcrumb"},"inLanguage":"it-IT","potentialAction":[{"@type":"ReadAction","target":["https:\/\/frcnreach.com\/it\/refund-policy\/"]}]},{"@type":"BreadcrumbList","@id":"https:\/\/frcnreach.com\/it\/refund-policy\/#breadcrumb","itemListElement":[{"@type":"ListItem","position":1,"name":"Home","item":"https:\/\/frcnreach.com\/it\/home\/"},{"@type":"ListItem","position":2,"name":"Politica di rimborso"}]},{"@type":"WebSite","@id":"https:\/\/frcnreach.com\/it\/#website","url":"https:\/\/frcnreach.com\/it\/","name":"frcnreach.com","description":"","publisher":{"@id":"https:\/\/frcnreach.com\/it\/#organization"},"potentialAction":[{"@type":"SearchAction","target":{"@type":"EntryPoint","urlTemplate":"https:\/\/frcnreach.com\/it\/?s={search_term_string}"},"query-input":"required name=search_term_string"}],"inLanguage":"it-IT"},{"@type":"Organization","@id":"https:\/\/frcnreach.com\/it\/#organization","name":"frcnreach.com","url":"https:\/\/frcnreach.com\/it\/","logo":{"@type":"ImageObject","inLanguage":"it-IT","@id":"https:\/\/frcnreach.com\/it\/#\/schema\/logo\/image\/","url":"https:\/\/frcnreach.com\/wp-content\/uploads\/2024\/03\/logo-frcn-reach.svg","contentUrl":"https:\/\/frcnreach.com\/wp-content\/uploads\/2024\/03\/logo-frcn-reach.svg","width":484,"height":69,"caption":"frcnreach.com"},"image":{"@id":"https:\/\/frcnreach.com\/it\/#\/schema\/logo\/image\/"}}]}},"_links":{"self":[{"href":"https:\/\/frcnreach.com\/it\/wp-json\/wp\/v2\/pages\/364"}],"collection":[{"href":"https:\/\/frcnreach.com\/it\/wp-json\/wp\/v2\/pages"}],"about":[{"href":"https:\/\/frcnreach.com\/it\/wp-json\/wp\/v2\/types\/page"}],"author":[{"embeddable":true,"href":"https:\/\/frcnreach.com\/it\/wp-json\/wp\/v2\/users\/1"}],"replies":[{"embeddable":true,"href":"https:\/\/frcnreach.com\/it\/wp-json\/wp\/v2\/comments?post=364"}],"version-history":[{"count":2,"href":"https:\/\/frcnreach.com\/it\/wp-json\/wp\/v2\/pages\/364\/revisions"}],"predecessor-version":[{"id":369,"href":"https:\/\/frcnreach.com\/it\/wp-json\/wp\/v2\/pages\/364\/revisions\/369"}],"wp:attachment":[{"href":"https:\/\/frcnreach.com\/it\/wp-json\/wp\/v2\/media?parent=364"}],"curies":[{"name":"wp","href":"https:\/\/api.w.org\/{rel}","templated":true}]}}