{"id":365,"date":"2024-03-11T19:29:14","date_gmt":"2024-03-11T19:29:14","guid":{"rendered":"https:\/\/frcnreach.com\/refund-policy\/"},"modified":"2024-04-01T19:19:12","modified_gmt":"2024-04-01T18:19:12","slug":"refund-policy","status":"publish","type":"page","link":"https:\/\/frcnreach.com\/es\/refund-policy\/","title":{"rendered":"Pol\u00edtica de Reembolso"},"content":{"rendered":"\n<p>Agradecemos su patrocinio de <a href=\"https:\/\/frcnreach.com\">https:\/\/frcnreach.com<\/a>, operado por FRCN Reach. Tenga en cuenta que no ofrecemos reembolsos por servicios o productos comprados a trav\u00e9s de nuestro sitio web. Todas las transacciones se consideran definitivas una vez finalizadas.<\/p>\n\n\n\n<h3 class=\"wp-block-heading\">Responsabilidad del cliente<\/h3>\n\n\n\n<p>Los clientes son responsables de las decisiones de compra que toman en nuestra plataforma. Antes de completar cualquier compra, instamos a los clientes a revisar minuciosamente toda la informaci\u00f3n y especificaciones sobre los servicios o productos que desean adquirir.<\/p>\n\n\n\n<h3 class=\"wp-block-heading\">Consideraci\u00f3n para solicitudes de reembolso<\/h3>\n\n\n\n<p>En determinadas circunstancias excepcionales, podremos aceptar solicitudes de reembolso. Estas circunstancias pueden incluir:<\/p>\n\n\n\n<ul class=\"wp-block-list\">\n<li><strong>Pagos err\u00f3neos:<\/strong> Pagos accidentales o duplicados realizados por error.<\/li>\n\n\n\n<li><strong>Monto de pago incorrecto:<\/strong> cargos que son inexactos debido a errores t\u00e9cnicos o administrativos de nuestra parte.<\/li>\n\n\n\n<li><strong>Pago con detalles incorrectos:<\/strong> evidencia de pago realizado con informaci\u00f3n de pago incorrecta, lo que result\u00f3 en una transacci\u00f3n fallida.<\/li>\n\n\n\n<li><strong>Falta de entrega del servicio o producto:<\/strong> los servicios o productos adquiridos no se entregan como se describe por razones que est\u00e1n bajo nuestro control.<\/li>\n<\/ul>\n\n\n\n<h3 class=\"wp-block-heading\">Enviar una solicitud de reembolso<\/h3>\n\n\n\n<p>Si su situaci\u00f3n califica bajo una de las circunstancias excepcionales mencionadas anteriormente, puede enviar una solicitud de reembolso a nuestro equipo de atenci\u00f3n al cliente en <a href=\"mailto:frcnreachltd@outlook.com\">frcnreachltd@outlook.com<\/a>. Proporcione la siguiente informaci\u00f3n en su solicitud de reembolso:<\/p>\n\n\n\n<ul class=\"wp-block-list\">\n<li>Nombre completo<\/li>\n\n\n\n<li>Direcci\u00f3n de correo electr\u00f3nico utilizada para la compra<\/li>\n\n\n\n<li>Fecha de Transacci\u00f3n<\/li>\n\n\n\n<li>ID de transacci\u00f3n o recibo<\/li>\n\n\n\n<li>Explicaci\u00f3n detallada del problema<\/li>\n<\/ul>\n\n\n\n<h3 class=\"wp-block-heading\">Revisi\u00f3n y decisi\u00f3n<\/h3>\n\n\n\n<p>Al recibir su solicitud de reembolso, nuestro equipo revisar\u00e1 cuidadosamente la informaci\u00f3n proporcionada. Nos esforzamos por responder a todas las solicitudes de reembolso dentro de los 7 d\u00edas h\u00e1biles. Nuestra decisi\u00f3n con respecto a la solicitud de reembolso se basar\u00e1 en la validez de las circunstancias presentadas y nuestras pol\u00edticas.<\/p>\n\n\n\n<h3 class=\"wp-block-heading\">Informaci\u00f3n del contacto<\/h3>\n\n\n\n<p>Para cualquier consulta o aclaraci\u00f3n adicional sobre nuestra Pol\u00edtica de Reembolso, no dude en comunicarse con nuestro equipo de atenci\u00f3n al cliente en <a href=\"mailto:frcnreachltd@outlook.com\">frcnreachltd@outlook.com<\/a>.<\/p>\n\n\n\n<p>Por favor, tenga en cuenta que esta Pol\u00edtica de Reembolso est\u00e1 sujeta a cambios sin previo aviso. Es su responsabilidad revisar peri\u00f3dicamente esta pol\u00edtica para detectar actualizaciones. \u00a1Gracias por elegir FRCN Reach!<\/p>\n","protected":false},"excerpt":{"rendered":"<p>Agradecemos su patrocinio de https:\/\/frcnreach.com, operado por FRCN Reach. Tenga en cuenta que no ofrecemos reembolsos por servicios o productos comprados a trav\u00e9s de nuestro sitio web. Todas las transacciones se consideran definitivas una vez finalizadas. Responsabilidad del cliente Los clientes son responsables de las decisiones de compra que toman en nuestra plataforma. Antes de [&hellip;]<\/p>\n","protected":false},"author":1,"featured_media":0,"parent":0,"menu_order":0,"comment_status":"closed","ping_status":"closed","template":"templates-pages\/policy.php","meta":{"footnotes":""},"class_list":["post-365","page","type-page","status-publish","hentry"],"yoast_head":"<!-- This site is optimized with the Yoast SEO plugin v23.3 - https:\/\/yoast.com\/wordpress\/plugins\/seo\/ -->\n<title>Pol\u00edtica de Reembolso - frcnreach.com<\/title>\n<meta name=\"robots\" content=\"index, follow, max-snippet:-1, max-image-preview:large, max-video-preview:-1\" \/>\n<link rel=\"canonical\" href=\"https:\/\/frcnreach.com\/es\/refund-policy\/\" \/>\n<meta property=\"og:locale\" content=\"es_ES\" \/>\n<meta property=\"og:type\" content=\"article\" \/>\n<meta property=\"og:title\" content=\"Pol\u00edtica de Reembolso - frcnreach.com\" \/>\n<meta property=\"og:description\" content=\"Agradecemos su patrocinio de https:\/\/frcnreach.com, operado por FRCN Reach. Tenga en cuenta que no ofrecemos reembolsos por servicios o productos comprados a trav\u00e9s de nuestro sitio web. Todas las transacciones se consideran definitivas una vez finalizadas. Responsabilidad del cliente Los clientes son responsables de las decisiones de compra que toman en nuestra plataforma. Antes de [&hellip;]\" \/>\n<meta property=\"og:url\" content=\"https:\/\/frcnreach.com\/es\/refund-policy\/\" \/>\n<meta property=\"og:site_name\" content=\"frcnreach.com\" \/>\n<meta property=\"article:modified_time\" content=\"2024-04-01T18:19:12+00:00\" \/>\n<meta name=\"twitter:card\" content=\"summary_large_image\" \/>\n<meta name=\"twitter:label1\" content=\"Tiempo de lectura\" \/>\n\t<meta name=\"twitter:data1\" content=\"2 minutos\" \/>\n<script type=\"application\/ld+json\" class=\"yoast-schema-graph\">{\"@context\":\"https:\/\/schema.org\",\"@graph\":[{\"@type\":\"WebPage\",\"@id\":\"https:\/\/frcnreach.com\/es\/refund-policy\/\",\"url\":\"https:\/\/frcnreach.com\/es\/refund-policy\/\",\"name\":\"Pol\u00edtica de Reembolso - frcnreach.com\",\"isPartOf\":{\"@id\":\"https:\/\/frcnreach.com\/es\/#website\"},\"datePublished\":\"2024-03-11T19:29:14+00:00\",\"dateModified\":\"2024-04-01T18:19:12+00:00\",\"breadcrumb\":{\"@id\":\"https:\/\/frcnreach.com\/es\/refund-policy\/#breadcrumb\"},\"inLanguage\":\"es\",\"potentialAction\":[{\"@type\":\"ReadAction\",\"target\":[\"https:\/\/frcnreach.com\/es\/refund-policy\/\"]}]},{\"@type\":\"BreadcrumbList\",\"@id\":\"https:\/\/frcnreach.com\/es\/refund-policy\/#breadcrumb\",\"itemListElement\":[{\"@type\":\"ListItem\",\"position\":1,\"name\":\"Home\",\"item\":\"https:\/\/frcnreach.com\/es\/home\/\"},{\"@type\":\"ListItem\",\"position\":2,\"name\":\"Pol\u00edtica de Reembolso\"}]},{\"@type\":\"WebSite\",\"@id\":\"https:\/\/frcnreach.com\/es\/#website\",\"url\":\"https:\/\/frcnreach.com\/es\/\",\"name\":\"frcnreach.com\",\"description\":\"\",\"publisher\":{\"@id\":\"https:\/\/frcnreach.com\/es\/#organization\"},\"potentialAction\":[{\"@type\":\"SearchAction\",\"target\":{\"@type\":\"EntryPoint\",\"urlTemplate\":\"https:\/\/frcnreach.com\/es\/?s={search_term_string}\"},\"query-input\":\"required name=search_term_string\"}],\"inLanguage\":\"es\"},{\"@type\":\"Organization\",\"@id\":\"https:\/\/frcnreach.com\/es\/#organization\",\"name\":\"frcnreach.com\",\"url\":\"https:\/\/frcnreach.com\/es\/\",\"logo\":{\"@type\":\"ImageObject\",\"inLanguage\":\"es\",\"@id\":\"https:\/\/frcnreach.com\/es\/#\/schema\/logo\/image\/\",\"url\":\"https:\/\/frcnreach.com\/wp-content\/uploads\/2024\/03\/logo-frcn-reach.svg\",\"contentUrl\":\"https:\/\/frcnreach.com\/wp-content\/uploads\/2024\/03\/logo-frcn-reach.svg\",\"width\":484,\"height\":69,\"caption\":\"frcnreach.com\"},\"image\":{\"@id\":\"https:\/\/frcnreach.com\/es\/#\/schema\/logo\/image\/\"}}]}<\/script>\n<!-- \/ Yoast SEO plugin. -->","yoast_head_json":{"title":"Pol\u00edtica de Reembolso - frcnreach.com","robots":{"index":"index","follow":"follow","max-snippet":"max-snippet:-1","max-image-preview":"max-image-preview:large","max-video-preview":"max-video-preview:-1"},"canonical":"https:\/\/frcnreach.com\/es\/refund-policy\/","og_locale":"es_ES","og_type":"article","og_title":"Pol\u00edtica de Reembolso - frcnreach.com","og_description":"Agradecemos su patrocinio de https:\/\/frcnreach.com, operado por FRCN Reach. Tenga en cuenta que no ofrecemos reembolsos por servicios o productos comprados a trav\u00e9s de nuestro sitio web. Todas las transacciones se consideran definitivas una vez finalizadas. Responsabilidad del cliente Los clientes son responsables de las decisiones de compra que toman en nuestra plataforma. Antes de [&hellip;]","og_url":"https:\/\/frcnreach.com\/es\/refund-policy\/","og_site_name":"frcnreach.com","article_modified_time":"2024-04-01T18:19:12+00:00","twitter_card":"summary_large_image","twitter_misc":{"Tiempo de lectura":"2 minutos"},"schema":{"@context":"https:\/\/schema.org","@graph":[{"@type":"WebPage","@id":"https:\/\/frcnreach.com\/es\/refund-policy\/","url":"https:\/\/frcnreach.com\/es\/refund-policy\/","name":"Pol\u00edtica de Reembolso - frcnreach.com","isPartOf":{"@id":"https:\/\/frcnreach.com\/es\/#website"},"datePublished":"2024-03-11T19:29:14+00:00","dateModified":"2024-04-01T18:19:12+00:00","breadcrumb":{"@id":"https:\/\/frcnreach.com\/es\/refund-policy\/#breadcrumb"},"inLanguage":"es","potentialAction":[{"@type":"ReadAction","target":["https:\/\/frcnreach.com\/es\/refund-policy\/"]}]},{"@type":"BreadcrumbList","@id":"https:\/\/frcnreach.com\/es\/refund-policy\/#breadcrumb","itemListElement":[{"@type":"ListItem","position":1,"name":"Home","item":"https:\/\/frcnreach.com\/es\/home\/"},{"@type":"ListItem","position":2,"name":"Pol\u00edtica de Reembolso"}]},{"@type":"WebSite","@id":"https:\/\/frcnreach.com\/es\/#website","url":"https:\/\/frcnreach.com\/es\/","name":"frcnreach.com","description":"","publisher":{"@id":"https:\/\/frcnreach.com\/es\/#organization"},"potentialAction":[{"@type":"SearchAction","target":{"@type":"EntryPoint","urlTemplate":"https:\/\/frcnreach.com\/es\/?s={search_term_string}"},"query-input":"required name=search_term_string"}],"inLanguage":"es"},{"@type":"Organization","@id":"https:\/\/frcnreach.com\/es\/#organization","name":"frcnreach.com","url":"https:\/\/frcnreach.com\/es\/","logo":{"@type":"ImageObject","inLanguage":"es","@id":"https:\/\/frcnreach.com\/es\/#\/schema\/logo\/image\/","url":"https:\/\/frcnreach.com\/wp-content\/uploads\/2024\/03\/logo-frcn-reach.svg","contentUrl":"https:\/\/frcnreach.com\/wp-content\/uploads\/2024\/03\/logo-frcn-reach.svg","width":484,"height":69,"caption":"frcnreach.com"},"image":{"@id":"https:\/\/frcnreach.com\/es\/#\/schema\/logo\/image\/"}}]}},"_links":{"self":[{"href":"https:\/\/frcnreach.com\/es\/wp-json\/wp\/v2\/pages\/365"}],"collection":[{"href":"https:\/\/frcnreach.com\/es\/wp-json\/wp\/v2\/pages"}],"about":[{"href":"https:\/\/frcnreach.com\/es\/wp-json\/wp\/v2\/types\/page"}],"author":[{"embeddable":true,"href":"https:\/\/frcnreach.com\/es\/wp-json\/wp\/v2\/users\/1"}],"replies":[{"embeddable":true,"href":"https:\/\/frcnreach.com\/es\/wp-json\/wp\/v2\/comments?post=365"}],"version-history":[{"count":2,"href":"https:\/\/frcnreach.com\/es\/wp-json\/wp\/v2\/pages\/365\/revisions"}],"predecessor-version":[{"id":459,"href":"https:\/\/frcnreach.com\/es\/wp-json\/wp\/v2\/pages\/365\/revisions\/459"}],"wp:attachment":[{"href":"https:\/\/frcnreach.com\/es\/wp-json\/wp\/v2\/media?parent=365"}],"curies":[{"name":"wp","href":"https:\/\/api.w.org\/{rel}","templated":true}]}}